{"id":11,"date":"2011-06-27T08:30:01","date_gmt":"2011-06-27T08:30:01","guid":{"rendered":"http:\/\/technistub.org\/?page_id=11"},"modified":"2024-02-09T02:04:50","modified_gmt":"2024-02-09T02:04:50","slug":"contact","status":"publish","type":"page","link":"https:\/\/technistub.org\/?page_id=11","title":{"rendered":"Contact"},"content":{"rendered":"<p><strong>Pour nous contacter :<\/strong><\/p>\n<ul>\n<li>St\u00e9phane LABORDE &#8211; Pr\u00e9sident de l&rsquo;association : <a href=\"mailto:s.laborde@technistub.org\">s.laborde@technistub.org\u00a0<\/a><\/li>\n<li>Bertrand SAHLER &#8211; vice-pr\u00e9sident : <a href=\"mailto:b.sahler@technistub.org\">b.sahler@technistub.org<\/a><\/li>\n<li>Thierry ADLOFF &#8211; Tr\u00e9sorier : <a href=\"mailto:t.adloff@technistub.org\">t.adloff@technistub.org<\/a><\/li>\n<li>Hubert IMBACH &#8211; Secr\u00e9taire : <a href=\"mailto:h.imbach@technistub.org\">h.imbach@technistub.org<\/a><\/li>\n<li>Guillaume STRUB &#8211; Administrateur : <a href=\"mailto:g.strub@technistub.org\">g.strub@technistub.org<\/a><\/li>\n<li>Jean-Luc REZ\u00c9 &#8211; Administrateur : <a href=\"mailto:jl.reze@technistub.org\">jl.reze@technistub.org<\/a><\/li>\n<li>Guillaume LEBREC &#8211; Fab-manager : <a href=\"mailto:g.lebrec@technistub.org\">g.lebrec@technistub.org<\/a><\/li>\n<\/ul>\n<p>Pour vous tenir au courant de l&rsquo;activit\u00e9 de Technistub et pour \u00e9changer avec la communaut\u00e9, vous avez \u00e0 votre disposition :<\/p>\n<ul>\n<li>Une <span style=\"text-decoration: underline;\"><strong>lettre d&rsquo;information<\/strong> <\/span>avec une dizaine d&rsquo;envois par an:\n<ul>\n<li><a href=\"http:\/\/eepurl.com\/dKnXfA\">S&rsquo;abonner<\/a><\/li>\n<li><a href=\"https:\/\/technistub.us9.list-manage.com\/unsubscribe?u=683f62961e21de4e5e69d581f&amp;id=e1aa291c72\">Se d\u00e9sabonner<\/a><\/li>\n<\/ul>\n<\/li>\n<li>Des <span style=\"text-decoration: underline;\"><strong>flashs d&rsquo;information<\/strong> <\/span>avec une fr\u00e9quence plus \u00e9lev\u00e9e (formation, besoin de coup de main, etc ):\n<ul>\n<li><a href=\"http:\/\/eepurl.com\/gcybHP\">S&rsquo;abonner<\/a><\/li>\n<li><a href=\"https:\/\/technistub.us9.list-manage.com\/unsubscribe?u=683f62961e21de4e5e69d581f&amp;id=55bd395276\">Se d\u00e9sabonner<\/a><\/li>\n<\/ul>\n<\/li>\n<li>Un <a href=\"https:\/\/chat.rfflabs.fr\/technistub\">espace de discussion bas\u00e9 sur mattermost<\/a> :\n<ul>\n<li>vous pouvez vous inscrire librement \u00e0 l&rsquo;aide d&rsquo;une adresse e-mail valide<\/li>\n<li>en cas de difficult\u00e9 d&rsquo;inscription ou de d\u00e9marrage, vous pouvez consulter <a href=\"https:\/\/technistub.org\/?page_id=4767#mattermost\">la question idoine sur la FAQ<\/a>.<\/li>\n<\/ul>\n<\/li>\n<li><a href=\"https:\/\/www.facebook.com\/technistub\">Une page facebook<\/a><\/li>\n<li><a href=\"https:\/\/twitter.com\/technistub\">Une page twitter<\/a><\/li>\n<li>une page <a href=\"https:\/\/www.instagram.com\/technistub\">instagram<\/a><\/li>\n<\/ul>\n<p>Quand et comment l&rsquo;atelier est accessible? <a title=\"Comment ca marche ?\" href=\"http:\/\/technistub.org\/?page_id=511\">C&rsquo;est par ici.<\/a><\/p>\n","protected":false},"excerpt":{"rendered":"<p>Pour nous contacter : St\u00e9phane LABORDE &#8211; Pr\u00e9sident de l&rsquo;association : s.laborde@technistub.org\u00a0 Bertrand SAHLER &#8211; vice-pr\u00e9sident : b.sahler@technistub.org Thierry ADLOFF &#8211; Tr\u00e9sorier : t.adloff@technistub.org Hubert IMBACH &#8211; Secr\u00e9taire : h.imbach@technistub.org Guillaume STRUB &#8211; Administrateur : g.strub@technistub.org Jean-Luc REZ\u00c9 &#8211; Administrateur : jl.reze@technistub.org Guillaume LEBREC &#8211; Fab-manager : g.lebrec@technistub.org Pour vous tenir au courant de l&rsquo;activit\u00e9 [&hellip;]<\/p>\n","protected":false},"author":1,"featured_media":0,"parent":0,"menu_order":5,"comment_status":"closed","ping_status":"closed","template":"","meta":{"footnotes":""},"class_list":["post-11","page","type-page","status-publish","hentry"],"_links":{"self":[{"href":"https:\/\/technistub.org\/index.php?rest_route=\/wp\/v2\/pages\/11","targetHints":{"allow":["GET"]}}],"collection":[{"href":"https:\/\/technistub.org\/index.php?rest_route=\/wp\/v2\/pages"}],"about":[{"href":"https:\/\/technistub.org\/index.php?rest_route=\/wp\/v2\/types\/page"}],"author":[{"embeddable":true,"href":"https:\/\/technistub.org\/index.php?rest_route=\/wp\/v2\/users\/1"}],"replies":[{"embeddable":true,"href":"https:\/\/technistub.org\/index.php?rest_route=%2Fwp%2Fv2%2Fcomments&post=11"}],"version-history":[{"count":26,"href":"https:\/\/technistub.org\/index.php?rest_route=\/wp\/v2\/pages\/11\/revisions"}],"predecessor-version":[{"id":4799,"href":"https:\/\/technistub.org\/index.php?rest_route=\/wp\/v2\/pages\/11\/revisions\/4799"}],"wp:attachment":[{"href":"https:\/\/technistub.org\/index.php?rest_route=%2Fwp%2Fv2%2Fmedia&parent=11"}],"curies":[{"name":"wp","href":"https:\/\/api.w.org\/{rel}","templated":true}]}}