{"id":1407,"date":"2014-06-05T21:26:08","date_gmt":"2014-06-05T21:26:08","guid":{"rendered":"http:\/\/technistub.org\/?page_id=1407"},"modified":"2025-07-16T17:12:03","modified_gmt":"2025-07-16T17:12:03","slug":"fonctionnement","status":"publish","type":"page","link":"https:\/\/technistub.org\/?page_id=1407","title":{"rendered":"Principe"},"content":{"rendered":"<h2>Qu&rsquo;est-ce?<\/h2>\n<p><strong><span style=\"color: #ff0000;\">Technistub<\/span> est un atelier-laboratoire associatif mutualisant diff\u00e9rents moyens techniques<\/strong> n\u00e9cessaires \u00e0 la r\u00e9alisation de projets \u00e0 caract\u00e8re technique, technologique ou artisanal dans un esprit de partage des connaissances. L&rsquo;objectif de cette plate-forme est de permettre \u00e0 des porteurs de projets ayant un manque de place ou insuffisamment outill\u00e9s, de tester et r\u00e9aliser leurs id\u00e9es.<\/p>\n<p>La cl\u00e9 est la mutualisation de 3 types de ressources indispensables :<\/p>\n<ul>\n<li><strong>Un Lieu<\/strong>: une surface de travail et des postes techniques seront partag\u00e9s entre tous les utilisateurs.<\/li>\n<\/ul>\n<ul>\n<li><strong>Des outils<\/strong>: la plate-forme sera \u00e9quip\u00e9e d&rsquo;outillages courants et de machines de base. Chacun pourra utiliser ces mat\u00e9riels et pourra mettre \u00e0 disposition son propre mat\u00e9riel.<\/li>\n<\/ul>\n<ul>\n<li><strong>Une communaut\u00e9<\/strong>: les porteurs de projet auront des exp\u00e9riences vari\u00e9es et seront pr\u00eat \u00e0 \u00e9changer et \u00e0 partager leurs comp\u00e9tences et leurs id\u00e9es.<\/li>\n<\/ul>\n<p>Technistub est ouvert \u00e0 des \u00e9tudiants, des entrepreneurs, des innovateurs, des TPE,des retrait\u00e9s, etc.<\/p>\n<h2>En pratique<\/h2>\n<p>En principe, l&rsquo;atelier est<strong> ouvert trois fois par semaine pour les membres associatifs et sur rendez-vous pendant la journ\u00e9e du lundi au vendredi pour les professionnels.<br \/>\n<\/strong><\/p>\n<ul>\n<li>Le mercredi\u00a0 : 18h \u00e0 22h, session projets.<span style=\"color: #ff0000;\"><strong> (r\u00e9serv\u00e9e aux membres actifs)<\/strong><\/span><\/li>\n<li>Le vendredi : 18h \u00e0 22h (extension possible (et fr\u00e9quente) au del\u00e0 de 22h). Session projets &amp; \u00ab\u00a0Open Stub\u00a0\u00bb.<span style=\"color: #ff0000;\"><strong> (ouvert \u00e0 tous)<\/strong><\/span><\/li>\n<li>Le samedi : 14h \u00e0 18h, session projets.<strong> (r\u00e9serv\u00e9e aux membres actifs)<\/strong><\/li>\n<\/ul>\n<p>Les sessions projets sont ouvertes pour que les membres puissent travailler sur leurs projets individuels ou communs au sein de l&rsquo;association. Elles sont r\u00e9serv\u00e9es aux membres actifs de l&rsquo;association.<\/p>\n<p><strong>La session du vendredi<\/strong> est r\u00e9serv\u00e9e \u00e0 l&rsquo;\u00e9change entre personnes et \u00e0 la d\u00e9couverte de l&rsquo;atelier. C&rsquo;est aussi la p\u00e9riode pour travailler sur ses projets. R\u00e9guli\u00e8rement, il est demand\u00e9 aux membres de fournir de l&rsquo;aide pour am\u00e9liorer l&rsquo;atelier et organiser les plans de travail.<\/p>\n<p>Pour d\u00e9couvrir l&rsquo;atelier et \u00e9changer avec les personnes, c&rsquo;est gratuit ! Il suffit de venir, de regarder et de poser des questions. A partir du moment o\u00f9 vous utilisez le mat\u00e9riel mis \u00e0 disposition, vous devez adh\u00e9rer \u00e0 l&rsquo;association.<\/p>\n","protected":false},"excerpt":{"rendered":"<p>Qu&rsquo;est-ce? Technistub est un atelier-laboratoire associatif mutualisant diff\u00e9rents moyens techniques n\u00e9cessaires \u00e0 la r\u00e9alisation de projets \u00e0 caract\u00e8re technique, technologique ou artisanal dans un esprit de partage des connaissances. L&rsquo;objectif de cette plate-forme est de permettre \u00e0 des porteurs de projets ayant un manque de place ou insuffisamment outill\u00e9s, de tester et r\u00e9aliser leurs id\u00e9es. [&hellip;]<\/p>\n","protected":false},"author":1,"featured_media":0,"parent":0,"menu_order":0,"comment_status":"open","ping_status":"open","template":"","meta":{"footnotes":""},"class_list":["post-1407","page","type-page","status-publish","hentry"],"_links":{"self":[{"href":"https:\/\/technistub.org\/index.php?rest_route=\/wp\/v2\/pages\/1407","targetHints":{"allow":["GET"]}}],"collection":[{"href":"https:\/\/technistub.org\/index.php?rest_route=\/wp\/v2\/pages"}],"about":[{"href":"https:\/\/technistub.org\/index.php?rest_route=\/wp\/v2\/types\/page"}],"author":[{"embeddable":true,"href":"https:\/\/technistub.org\/index.php?rest_route=\/wp\/v2\/users\/1"}],"replies":[{"embeddable":true,"href":"https:\/\/technistub.org\/index.php?rest_route=%2Fwp%2Fv2%2Fcomments&post=1407"}],"version-history":[{"count":12,"href":"https:\/\/technistub.org\/index.php?rest_route=\/wp\/v2\/pages\/1407\/revisions"}],"predecessor-version":[{"id":4912,"href":"https:\/\/technistub.org\/index.php?rest_route=\/wp\/v2\/pages\/1407\/revisions\/4912"}],"wp:attachment":[{"href":"https:\/\/technistub.org\/index.php?rest_route=%2Fwp%2Fv2%2Fmedia&parent=1407"}],"curies":[{"name":"wp","href":"https:\/\/api.w.org\/{rel}","templated":true}]}}