{"id":2029,"date":"2015-06-16T19:41:14","date_gmt":"2015-06-16T19:41:14","guid":{"rendered":"http:\/\/technistub.org\/?page_id=2029"},"modified":"2015-06-23T08:46:51","modified_gmt":"2015-06-23T08:46:51","slug":"stockastub","status":"publish","type":"page","link":"https:\/\/technistub.org\/?page_id=2029","title":{"rendered":"Stockastub"},"content":{"rendered":"<p>StockaStub est le magasin du Technistub. \u00a0Nous y stockons les r\u00e9cup dont on ne se sert pas\u00a0souvent.\u00a0Nous ne stockons pas de mat\u00e9riaux qui n&rsquo;ont peu de valeur&#8230;<\/p>\n<p>Pour toutes demande de d\u00e9pot ou retrait de marchandise, adressez vous \u00e0 Julien Blaise.<\/p>\n<p>Attention, le lieu de stockage est \u00e0 Orbey, et il y a environ une rotation par mois, donc patience pour obtenir un objet.<\/p>\n<p>&nbsp;<\/p>\n<p>&nbsp;<\/p>\n<p>&nbsp;[lg_gallery]<\/p>\n","protected":false},"excerpt":{"rendered":"<p>StockaStub est le magasin du Technistub. \u00a0Nous y stockons les r\u00e9cup dont on ne se sert pas\u00a0souvent.\u00a0Nous ne stockons pas de mat\u00e9riaux qui n&rsquo;ont peu de valeur&#8230; Pour toutes demande de d\u00e9pot ou retrait de marchandise, adressez vous \u00e0 Julien Blaise. Attention, le lieu de stockage est \u00e0 Orbey, et il y a environ une [&hellip;]<\/p>\n","protected":false},"author":1,"featured_media":0,"parent":0,"menu_order":0,"comment_status":"closed","ping_status":"open","template":"","meta":{"footnotes":""},"class_list":["post-2029","page","type-page","status-publish","hentry"],"_links":{"self":[{"href":"https:\/\/technistub.org\/index.php?rest_route=\/wp\/v2\/pages\/2029","targetHints":{"allow":["GET"]}}],"collection":[{"href":"https:\/\/technistub.org\/index.php?rest_route=\/wp\/v2\/pages"}],"about":[{"href":"https:\/\/technistub.org\/index.php?rest_route=\/wp\/v2\/types\/page"}],"author":[{"embeddable":true,"href":"https:\/\/technistub.org\/index.php?rest_route=\/wp\/v2\/users\/1"}],"replies":[{"embeddable":true,"href":"https:\/\/technistub.org\/index.php?rest_route=%2Fwp%2Fv2%2Fcomments&post=2029"}],"version-history":[{"count":28,"href":"https:\/\/technistub.org\/index.php?rest_route=\/wp\/v2\/pages\/2029\/revisions"}],"predecessor-version":[{"id":2094,"href":"https:\/\/technistub.org\/index.php?rest_route=\/wp\/v2\/pages\/2029\/revisions\/2094"}],"wp:attachment":[{"href":"https:\/\/technistub.org\/index.php?rest_route=%2Fwp%2Fv2%2Fmedia&parent=2029"}],"curies":[{"name":"wp","href":"https:\/\/api.w.org\/{rel}","templated":true}]}}